{"id":5968,"date":"2013-12-03T17:40:23","date_gmt":"2013-12-03T17:40:23","guid":{"rendered":"http:\/\/pruebas.ixotype.com\/?page_id=5968"},"modified":"2014-10-30T08:51:36","modified_gmt":"2014-10-30T08:51:36","slug":"contact","status":"publish","type":"page","link":"https:\/\/www.ixotype.com\/en\/contact\/","title":{"rendered":"Contact"},"content":{"rendered":"<div class=\"grid_12 omega\">\n<h4>ALICANTE <span class=\"icon-map-marker\"><\/span><\/h4>\n<ul class=\"contact-info\">\n<li class=\"icon-screenshot\"><span> C\/ Caballero de Rodas, 35 A, 3\u00ba &#8211; 03181 Torrevieja<\/span><\/li>\n<li class=\"icon-phone\"><span> +34 965 074 392<\/span><\/li>\n<li class=\"icon-envelope-alt\"><span> alc@ixotype.com<\/span><\/li>\n<\/ul>\n<div class=\"clear\"><\/div>\n<div class=\"gmap\">\n    <iframe loading=\"lazy\" width=\"425\" height=\"350\" frameborder=\"0\" scrolling=\"no\" marginheight=\"0\" marginwidth=\"0\" src=\"https:\/\/maps.google.es\/maps?f=q&amp;source=s_q&amp;hl=es&amp;geocode=&amp;q=C%2F+Caballero+de+Rodas,+35+A,+3%C2%BA&amp;aq=&amp;sll=39.316265,-0.418859&amp;sspn=5.498186,10.821533&amp;ie=UTF8&amp;hq=&amp;hnear=Calle+Caballero+de+Rodas,+35,+03181+Torrevieja,+Alicante,+Comunidad+Valenciana&amp;t=m&amp;z=14&amp;iwloc=&amp;ll=37.977892,-0.682221&amp;output=embed\"><\/iframe><br \/>\n    <br \/>\n    <a href=\"https:\/\/maps.google.es\/maps?f=q&amp;source=embed&amp;hl=es&amp;geocode=&amp;q=C%2F+Caballero+de+Rodas,+35+A,+3%C2%BA&amp;aq=&amp;sll=39.316265,-0.418859&amp;sspn=5.498186,10.821533&amp;ie=UTF8&amp;hq=&amp;hnear=Calle+Caballero+de+Rodas,+35,+03181+Torrevieja,+Alicante,+Comunidad+Valenciana&amp;t=m&amp;z=14&amp;iwloc=A&amp;ll=37.977892,-0.682221\" target=\"_blank\" class=\"icon-zoom-in\"> zoom<\/a>\n  <\/div>\n<\/div>\n<div class=\"clear\"><\/div>\n<hr \/>\n<div class=\"spacer-10\"><\/div>\n<div class=\"grid_4 form-claim\">\n<h2 class=\"ixohabla\">Habla<\/h2>\n<h2 class=\"ixocon\">con<\/h2>\n<h2 class=\"ixonos\">nosotros<\/h2>\n<\/div>\n<div class=\"grid_8 omega\">\n<div class=\"contact-form\">\n\n<div class=\"wpcf7 no-js\" id=\"wpcf7-f5958-o1\" lang=\"\" dir=\"ltr\">\n<div class=\"screen-reader-response\"><p role=\"status\" aria-live=\"polite\" aria-atomic=\"true\"><\/p> <ul><\/ul><\/div>\n<form action=\"\/en\/wp-json\/wp\/v2\/pages\/5968#wpcf7-f5958-o1\" method=\"post\" class=\"wpcf7-form init wpcf7-acceptance-as-validation\" aria-label=\"Contact form\" novalidate=\"novalidate\" data-status=\"init\">\n<div style=\"display: none;\">\n<input type=\"hidden\" name=\"_wpcf7\" value=\"5958\" \/>\n<input type=\"hidden\" name=\"_wpcf7_version\" value=\"5.9.8\" \/>\n<input type=\"hidden\" name=\"_wpcf7_locale\" value=\"\" \/>\n<input type=\"hidden\" name=\"_wpcf7_unit_tag\" value=\"wpcf7-f5958-o1\" \/>\n<input type=\"hidden\" name=\"_wpcf7_container_post\" value=\"0\" \/>\n<input type=\"hidden\" name=\"_wpcf7_posted_data_hash\" value=\"\" \/>\n<\/div>\n<p><span class=\"wpcf7-form-control-wrap\" data-name=\"Nombre\"><input size=\"40\" maxlength=\"400\" class=\"wpcf7-form-control wpcf7-text wpcf7-validates-as-required\" id=\"nombre\" aria-required=\"true\" aria-invalid=\"false\" placeholder=\"* Nombre\" value=\"\" type=\"text\" name=\"Nombre\" \/><\/span>\n<\/p>\n<p><span class=\"wpcf7-form-control-wrap\" data-name=\"Email\"><input size=\"40\" maxlength=\"400\" class=\"wpcf7-form-control wpcf7-email wpcf7-validates-as-required wpcf7-text wpcf7-validates-as-email\" id=\"email\" aria-required=\"true\" aria-invalid=\"false\" placeholder=\"* Email\" value=\"\" type=\"email\" name=\"Email\" \/><\/span>\n<\/p>\n<p><span class=\"wpcf7-form-control-wrap\" data-name=\"Asunto\"><input size=\"40\" maxlength=\"400\" class=\"wpcf7-form-control wpcf7-text wpcf7-validates-as-required\" id=\"asunto\" aria-required=\"true\" aria-invalid=\"false\" placeholder=\"* Asunto\" value=\"\" type=\"text\" name=\"Asunto\" \/><\/span>\n<\/p>\n<p><span class=\"wpcf7-form-control-wrap\" data-name=\"Mensaje\"><textarea cols=\"40\" rows=\"10\" maxlength=\"2000\" class=\"wpcf7-form-control wpcf7-textarea wpcf7-validates-as-required\" id=\"mensaje\" aria-required=\"true\" aria-invalid=\"false\" placeholder=\"* Mensaje\" name=\"Mensaje\"><\/textarea><\/span>\n<\/p>\n<div class=\"clear\">\n<\/div>\n<p class=\"reqfields\">* Campos obligatorios\n<\/p>\n<p><span id=\"wpcf7-69f15cfd1588f-wrapper\" class=\"wpcf7-form-control-wrap hphid-wrap\" style=\"display:none !important; visibility:hidden !important;\"><label for=\"wpcf7-69f15cfd1588f-field\" class=\"hp-message\">Please leave this field empty.<\/label><input id=\"wpcf7-69f15cfd1588f-field\"  class=\"wpcf7-form-control wpcf7-text\" type=\"text\" name=\"hphid\" value=\"\" size=\"40\" tabindex=\"-1\" autocomplete=\"new-password\" \/><\/span>\n<\/p>\n<p><span class=\"wpcf7-form-control-wrap\" data-name=\"acepto-condiciones\"><span class=\"wpcf7-form-control wpcf7-acceptance\"><span class=\"wpcf7-list-item\"><input type=\"checkbox\" name=\"acepto-condiciones\" value=\"1\" aria-invalid=\"false\" \/><\/span><\/span><\/span> Acepto el <a href=\"\/aviso-legal\/\" class=\"homeBox\">Aviso Legal<\/a>\n<\/p>\n<p><input class=\"wpcf7-form-control wpcf7-submit has-spinner contact-btn\" id=\"enviar\" type=\"submit\" value=\"Enviar\" \/>\n<\/p><div class=\"wpcf7-response-output\" aria-hidden=\"true\"><\/div>\n<\/form>\n<\/div>\n\n  <\/div>\n<\/div>\n<div class=\"clear\"><\/div>\n","protected":false},"excerpt":{"rendered":"<p>ALICANTE C\/ Caballero de Rodas, 35 A, 3\u00ba &#8211; 03181 Torrevieja +34 965 074 392 alc@ixotype.com zoom Habla con nosotros<\/p>\n","protected":false},"author":1,"featured_media":0,"parent":0,"menu_order":100,"comment_status":"closed","ping_status":"closed","template":"","meta":{"footnotes":""},"yoast_head":"<!-- This site is optimized with the Yoast SEO plugin v24.5 - https:\/\/yoast.com\/wordpress\/plugins\/seo\/ -->\n<title>Contact - Dise\u00f1o web - Dise\u00f1o gr\u00e1fico - Programaci\u00f3n web - Marketing online<\/title>\n<meta name=\"robots\" content=\"index, follow, max-snippet:-1, max-image-preview:large, max-video-preview:-1\" \/>\n<link rel=\"canonical\" href=\"https:\/\/www.ixotype.com\/en\/contact\/\" \/>\n<meta property=\"og:locale\" content=\"en_US\" \/>\n<meta property=\"og:type\" content=\"article\" \/>\n<meta property=\"og:title\" content=\"Contact - Dise\u00f1o web - Dise\u00f1o gr\u00e1fico - Programaci\u00f3n web - Marketing online\" \/>\n<meta property=\"og:description\" content=\"ALICANTE C\/ Caballero de Rodas, 35 A, 3\u00ba &#8211; 03181 Torrevieja +34 965 074 392 alc@ixotype.com zoom Habla con nosotros\" \/>\n<meta property=\"og:url\" content=\"https:\/\/www.ixotype.com\/en\/contact\/\" \/>\n<meta property=\"og:site_name\" content=\"Dise\u00f1o web - Dise\u00f1o gr\u00e1fico - Programaci\u00f3n web - Marketing online\" \/>\n<meta property=\"article:modified_time\" content=\"2014-10-30T08:51:36+00:00\" \/>\n<meta name=\"twitter:card\" content=\"summary_large_image\" \/>\n<script type=\"application\/ld+json\" class=\"yoast-schema-graph\">{\"@context\":\"https:\/\/schema.org\",\"@graph\":[{\"@type\":\"WebPage\",\"@id\":\"https:\/\/www.ixotype.com\/en\/contact\/\",\"url\":\"https:\/\/www.ixotype.com\/en\/contact\/\",\"name\":\"Contact - Dise\u00f1o web - Dise\u00f1o gr\u00e1fico - Programaci\u00f3n web - Marketing online\",\"isPartOf\":{\"@id\":\"https:\/\/www.ixotype.com\/en\/#website\"},\"datePublished\":\"2013-12-03T17:40:23+00:00\",\"dateModified\":\"2014-10-30T08:51:36+00:00\",\"breadcrumb\":{\"@id\":\"https:\/\/www.ixotype.com\/en\/contact\/#breadcrumb\"},\"inLanguage\":\"en-US\",\"potentialAction\":[{\"@type\":\"ReadAction\",\"target\":[\"https:\/\/www.ixotype.com\/en\/contact\/\"]}]},{\"@type\":\"BreadcrumbList\",\"@id\":\"https:\/\/www.ixotype.com\/en\/contact\/#breadcrumb\",\"itemListElement\":[{\"@type\":\"ListItem\",\"position\":1,\"name\":\"Portada\",\"item\":\"https:\/\/www.ixotype.com\/en\/\"},{\"@type\":\"ListItem\",\"position\":2,\"name\":\"Contact\"}]},{\"@type\":\"WebSite\",\"@id\":\"https:\/\/www.ixotype.com\/en\/#website\",\"url\":\"https:\/\/www.ixotype.com\/en\/\",\"name\":\"Dise\u00f1o web - Dise\u00f1o gr\u00e1fico - Programaci\u00f3n web - Marketing online\",\"description\":\"Agencia de Dise\u00f1o web, Dise\u00f1o gr\u00e1fico, Programaci\u00f3n web, Marketing online, Infograf\u00edas, Dossiers, Cat\u00e1logos, Webs corporativas, Identidad visual, Packaging\",\"potentialAction\":[{\"@type\":\"SearchAction\",\"target\":{\"@type\":\"EntryPoint\",\"urlTemplate\":\"https:\/\/www.ixotype.com\/en\/?s={search_term_string}\"},\"query-input\":{\"@type\":\"PropertyValueSpecification\",\"valueRequired\":true,\"valueName\":\"search_term_string\"}}],\"inLanguage\":\"en-US\"}]}<\/script>\n<!-- \/ Yoast SEO plugin. -->","yoast_head_json":{"title":"Contact - Dise\u00f1o web - Dise\u00f1o gr\u00e1fico - Programaci\u00f3n web - Marketing online","robots":{"index":"index","follow":"follow","max-snippet":"max-snippet:-1","max-image-preview":"max-image-preview:large","max-video-preview":"max-video-preview:-1"},"canonical":"https:\/\/www.ixotype.com\/en\/contact\/","og_locale":"en_US","og_type":"article","og_title":"Contact - Dise\u00f1o web - Dise\u00f1o gr\u00e1fico - Programaci\u00f3n web - Marketing online","og_description":"ALICANTE C\/ Caballero de Rodas, 35 A, 3\u00ba &#8211; 03181 Torrevieja +34 965 074 392 alc@ixotype.com zoom Habla con nosotros","og_url":"https:\/\/www.ixotype.com\/en\/contact\/","og_site_name":"Dise\u00f1o web - Dise\u00f1o gr\u00e1fico - Programaci\u00f3n web - Marketing online","article_modified_time":"2014-10-30T08:51:36+00:00","twitter_card":"summary_large_image","schema":{"@context":"https:\/\/schema.org","@graph":[{"@type":"WebPage","@id":"https:\/\/www.ixotype.com\/en\/contact\/","url":"https:\/\/www.ixotype.com\/en\/contact\/","name":"Contact - Dise\u00f1o web - Dise\u00f1o gr\u00e1fico - Programaci\u00f3n web - Marketing online","isPartOf":{"@id":"https:\/\/www.ixotype.com\/en\/#website"},"datePublished":"2013-12-03T17:40:23+00:00","dateModified":"2014-10-30T08:51:36+00:00","breadcrumb":{"@id":"https:\/\/www.ixotype.com\/en\/contact\/#breadcrumb"},"inLanguage":"en-US","potentialAction":[{"@type":"ReadAction","target":["https:\/\/www.ixotype.com\/en\/contact\/"]}]},{"@type":"BreadcrumbList","@id":"https:\/\/www.ixotype.com\/en\/contact\/#breadcrumb","itemListElement":[{"@type":"ListItem","position":1,"name":"Portada","item":"https:\/\/www.ixotype.com\/en\/"},{"@type":"ListItem","position":2,"name":"Contact"}]},{"@type":"WebSite","@id":"https:\/\/www.ixotype.com\/en\/#website","url":"https:\/\/www.ixotype.com\/en\/","name":"Dise\u00f1o web - Dise\u00f1o gr\u00e1fico - Programaci\u00f3n web - Marketing online","description":"Agencia de Dise\u00f1o web, Dise\u00f1o gr\u00e1fico, Programaci\u00f3n web, Marketing online, Infograf\u00edas, Dossiers, Cat\u00e1logos, Webs corporativas, Identidad visual, Packaging","potentialAction":[{"@type":"SearchAction","target":{"@type":"EntryPoint","urlTemplate":"https:\/\/www.ixotype.com\/en\/?s={search_term_string}"},"query-input":{"@type":"PropertyValueSpecification","valueRequired":true,"valueName":"search_term_string"}}],"inLanguage":"en-US"}]}},"_links":{"self":[{"href":"https:\/\/www.ixotype.com\/en\/wp-json\/wp\/v2\/pages\/5968"}],"collection":[{"href":"https:\/\/www.ixotype.com\/en\/wp-json\/wp\/v2\/pages"}],"about":[{"href":"https:\/\/www.ixotype.com\/en\/wp-json\/wp\/v2\/types\/page"}],"author":[{"embeddable":true,"href":"https:\/\/www.ixotype.com\/en\/wp-json\/wp\/v2\/users\/1"}],"replies":[{"embeddable":true,"href":"https:\/\/www.ixotype.com\/en\/wp-json\/wp\/v2\/comments?post=5968"}],"version-history":[{"count":8,"href":"https:\/\/www.ixotype.com\/en\/wp-json\/wp\/v2\/pages\/5968\/revisions"}],"predecessor-version":[{"id":6693,"href":"https:\/\/www.ixotype.com\/en\/wp-json\/wp\/v2\/pages\/5968\/revisions\/6693"}],"wp:attachment":[{"href":"https:\/\/www.ixotype.com\/en\/wp-json\/wp\/v2\/media?parent=5968"}],"curies":[{"name":"wp","href":"https:\/\/api.w.org\/{rel}","templated":true}]}}